{"id":129,"date":"2021-05-25T16:23:25","date_gmt":"2021-05-25T16:23:25","guid":{"rendered":"https:\/\/boudoirduneprincesse.com\/?page_id=129"},"modified":"2025-04-15T00:11:39","modified_gmt":"2025-04-15T00:11:39","slug":"about-me","status":"publish","type":"page","link":"https:\/\/boudoirduneprincesse.com\/pt\/about-me\/","title":{"rendered":"About me"},"content":{"rendered":"<p>[et_pb_section fb_built=&#8221;1&#8243; admin_label=&#8221;Header&#8221; _builder_version=&#8221;4.16&#8243; custom_padding=&#8221;||0px|||&#8221; global_colors_info=&#8221;{}&#8221;][et_pb_row column_structure=&#8221;1_3,1_3,1_3&#8243; _builder_version=&#8221;4.16&#8243; global_colors_info=&#8221;{}&#8221;][et_pb_column type=&#8221;1_3&#8243; _builder_version=&#8221;4.16&#8243; z_index=&#8221;10&#8243; custom_padding=&#8221;40px||||false|false&#8221; custom_padding_tablet=&#8221;0px||||false|false&#8221; custom_padding_phone=&#8221;&#8221; custom_padding_last_edited=&#8221;on|tablet&#8221; global_colors_info=&#8221;{}&#8221;][et_pb_text _builder_version=&#8221;4.16&#8243; text_font=&#8221;|||||on|||&#8221; header_font=&#8221;Poppins|200||||on|||&#8221; header_text_color=&#8221;#000000&#8243; header_font_size=&#8221;75px&#8221; header_letter_spacing=&#8221;3px&#8221; header_line_height=&#8221;1.3em&#8221; custom_margin=&#8221;|-80%|||false|false&#8221; custom_margin_tablet=&#8221;40px|0px|40px||true|false&#8221; custom_margin_phone=&#8221;8px||8px||true|false&#8221; custom_margin_last_edited=&#8221;on|phone&#8221; custom_padding=&#8221;0px||||false|false&#8221; header_font_size_tablet=&#8221;40px&#8221; header_font_size_phone=&#8221;24px&#8221; header_font_size_last_edited=&#8221;on|phone&#8221; global_colors_info=&#8221;{}&#8221;]<\/p>\n<h1>Hi, I&#8217;m Paulo<\/h1>\n<p>[\/et_pb_text][et_pb_text _builder_version=&#8221;4.16&#8243; header_4_font=&#8221;Antic Didone|||on|||||&#8221; header_4_font_size=&#8221;20px&#8221; header_4_letter_spacing=&#8221;2px&#8221; header_4_line_height=&#8221;1.4em&#8221; max_width=&#8221;700px&#8221; module_alignment=&#8221;center&#8221; header_4_font_size_tablet=&#8221;18px&#8221; header_4_font_size_phone=&#8221;&#8221; header_4_font_size_last_edited=&#8221;on|phone&#8221; locked=&#8221;off&#8221; global_colors_info=&#8221;{}&#8221;]<\/p>\n<h4>A Photographer in Oporto and Braga<\/h4>\n<p>[\/et_pb_text][et_pb_social_media_follow _builder_version=&#8221;4.16&#8243; text_orientation=&#8221;center&#8221; locked=&#8221;off&#8221; global_colors_info=&#8221;{}&#8221;][et_pb_social_media_follow_network social_network=&#8221;facebook&#8221; icon_color=&#8221;#000000&#8243; _builder_version=&#8221;4.16&#8243; background_color=&#8221;rgba(0,0,0,0)&#8221; background_enable_color=&#8221;on&#8221; motion_trigger_start=&#8221;middle&#8221; global_colors_info=&#8221;{}&#8221; follow_button=&#8221;off&#8221; url_new_window=&#8221;on&#8221;]facebook[\/et_pb_social_media_follow_network][et_pb_social_media_follow_network social_network=&#8221;instagram&#8221; icon_color=&#8221;#000000&#8243; _builder_version=&#8221;4.16&#8243; background_color=&#8221;rgba(0,0,0,0)&#8221; background_enable_color=&#8221;on&#8221; motion_trigger_start=&#8221;middle&#8221; global_colors_info=&#8221;{}&#8221; follow_button=&#8221;off&#8221; url_new_window=&#8221;on&#8221;]instagram[\/et_pb_social_media_follow_network][et_pb_social_media_follow_network social_network=&#8221;pinterest&#8221; icon_color=&#8221;#000000&#8243; _builder_version=&#8221;4.16&#8243; background_color=&#8221;rgba(0,0,0,0)&#8221; background_enable_color=&#8221;on&#8221; global_colors_info=&#8221;{}&#8221; follow_button=&#8221;off&#8221; url_new_window=&#8221;on&#8221;]pinterest[\/et_pb_social_media_follow_network][\/et_pb_social_media_follow][\/et_pb_column][et_pb_column type=&#8221;1_3&#8243; _builder_version=&#8221;4.16&#8243; global_colors_info=&#8221;{}&#8221;][et_pb_image src=&#8221;https:\/\/boudoirduneprincesse.com\/wp-content\/uploads\/2021\/05\/instagram.jpg&#8221; alt=&#8221;About me Paulo Carvalho&#8221; title_text=&#8221;About me Paulo Carvalho&#8221; _builder_version=&#8221;4.24.0&#8243; custom_margin=&#8221;||-100px||false|false&#8221; custom_padding=&#8221;0px||0px||false|false&#8221; global_colors_info=&#8221;{}&#8221;][\/et_pb_image][\/et_pb_column][et_pb_column type=&#8221;1_3&#8243; _builder_version=&#8221;4.16&#8243; custom_padding=&#8221;||||false|false&#8221; global_colors_info=&#8221;{}&#8221;][\/et_pb_column][\/et_pb_row][et_pb_row column_structure=&#8221;1_3,2_3&#8243; custom_padding_last_edited=&#8221;on|phone&#8221; _builder_version=&#8221;4.16&#8243; custom_margin_tablet=&#8221;&#8221; custom_margin_phone=&#8221;-30px||0px||false|false&#8221; custom_margin_last_edited=&#8221;on|phone&#8221; custom_padding=&#8221;||75px||false|false&#8221; custom_padding_tablet=&#8221;&#8221; custom_padding_phone=&#8221;0px||30%||false|false&#8221; global_colors_info=&#8221;{}&#8221;][et_pb_column type=&#8221;1_3&#8243; _builder_version=&#8221;4.16&#8243; global_colors_info=&#8221;{}&#8221;][\/et_pb_column][et_pb_column type=&#8221;2_3&#8243; _builder_version=&#8221;4.16&#8243; global_colors_info=&#8221;{}&#8221;][et_pb_text _builder_version=&#8221;4.16&#8243; text_font_size=&#8221;15px&#8221; text_line_height=&#8221;2.2em&#8221; header_4_font=&#8221;Antic Didone|||on|||||&#8221; header_4_text_color=&#8221;#000000&#8243; header_4_font_size=&#8221;20px&#8221; header_4_letter_spacing=&#8221;2px&#8221; header_4_line_height=&#8221;1.4em&#8221; max_width=&#8221;700px&#8221; module_alignment=&#8221;center&#8221; custom_margin=&#8221;0px||||false|false&#8221; custom_margin_tablet=&#8221;&#8221; custom_margin_phone=&#8221;0%||||false|false&#8221; custom_margin_last_edited=&#8221;on|phone&#8221; custom_padding=&#8221;115px||||false|false&#8221; text_font_size_tablet=&#8221;15px&#8221; text_font_size_phone=&#8221;14px&#8221; text_font_size_last_edited=&#8221;on|phone&#8221; header_4_font_size_tablet=&#8221;18px&#8221; header_4_font_size_phone=&#8221;&#8221; header_4_font_size_last_edited=&#8221;on|phone&#8221; locked=&#8221;off&#8221; global_colors_info=&#8221;{}&#8221;]<\/p>\n<p style=\"text-align: justify;\"><span>Thanks you for taking t<\/span><span>he time to look at my page<\/span><span>.<\/span><\/p>\n<p style=\"text-align: justify;\"><span>My name is <span style=\"color: #000000;\"><a href=\"https:\/\/boudoirduneprincesse.com\/about-me\/\" style=\"color: #000000;\">Paulo C<\/a><\/span><\/span><span><span style=\"color: #000000;\"><a href=\"https:\/\/boudoirduneprincesse.com\/about-me\/\" style=\"color: #000000;\">arvalho<\/a><\/span>. I\u2019m 43 years old, married and the father of two beautiful children.<\/span><\/p>\n<p style=\"text-align: justify;\"><span>My <\/span><span>life as <\/span><span>an<\/span> <span>artist <\/span><span>b<\/span><span>egan<\/span><span> during <\/span><span>S<\/span><span>econdary <\/span><span>S<\/span><span>chool when I completed some <\/span><span>A<\/span><span>ptitude <\/span><span>T<\/span><span>ests and <\/span><span>was advised to follow into <\/span><span>V<\/span><span>isual <\/span><span>A<\/span><span>rts. I think somewhere along the way, I got a <\/span><span>little <\/span><span>bit lost<\/span> <span>when I <\/span><span>found myself taking a Degree in Management\u2026 LOL<\/span><span>. <\/span><span>Not happy with that<\/span><span>, I <\/span><span>later <\/span><span>got <\/span><span>a<\/span><span>n<\/span> <span>MBA<\/span><span> [Master\u2019s Degree in Business <\/span><span>Administration<\/span><span>]<\/span><span>. <\/span><span>Photography came into my life in 2008<\/span><span>. I <\/span><span>have <\/span><span>dedicated myself, body and soul, and I haven\u2019t stopped since!<\/span><\/p>\n<p style=\"text-align: justify;\"><span>People often ask me \u201c<span style=\"color: #000000;\"><a href=\"https:\/\/boudoirduneprincesse.com\" style=\"color: #000000;\">W<\/a><\/span><\/span><span style=\"color: #000000;\"><a href=\"https:\/\/boudoirduneprincesse.com\" style=\"color: #000000;\">HY<\/a><\/span><span><a href=\"https:\/\/boudoirduneprincesse.com\"><span style=\"color: #000000;\"> BOUDOIR?<\/span><\/a>\u201d The answer is<\/span><span>: MY WIFE.<\/span><\/p>\n<p style=\"text-align: justify;\"><span>Alongside <\/span><span>the <\/span><span>other <\/span><span>99% of women around the World, my wife also <\/span><span>believes that she is not beautiful.<\/span><span> I wanted to show her, through photography, that <span style=\"font-weight: normal !msorm;\"><strong><u>SHE IS<\/u><\/strong><\/span>! Nevertheless, I don\u2019t just have an artistic flair, Boudoir <\/span><span>also empowers me. It gives the opportunity to go beyond words. I <\/span><span>am given <\/span><span>the privilege to <\/span><span>work behind the lens and capture the most beautiful and powerful images that <\/span><span>bring a sparkle to <\/span><span>every <\/span><span>woman\u2019s ey<\/span><span>es.<\/span><span> I belong to the category of people who SHOW<\/span><span> women<\/span><span>, not TELL <\/span><span>them &#8211; <span style=\"color: #000000;\"><a href=\"https:\/\/boudoirduneprincesse.com\/gallery\/\" style=\"color: #000000;\">H<\/a><\/span><\/span><span style=\"color: #000000;\"><a href=\"https:\/\/boudoirduneprincesse.com\/gallery\/\" style=\"color: #000000;\">ow Very Beautiful They Are!<\/a><\/span><\/p>\n<p style=\"text-align: justify;\"><span>Can there be <\/span><span>anything <\/span><span>better than this?<\/span><\/p>\n<p style=\"text-align: justify;\">With years of experience in boudoir photography, I have perfected the art of capturing confidence, elegance, and sensuality. My approach ensures that every client feels comfortable and empowered during their session. Boudoir is more than photography; it\u2019s a celebration of self-love and femininity, creating timeless images that highlight each woman&#8217;s unique beauty.<\/p>\n<p>[\/et_pb_text][\/et_pb_column][\/et_pb_row][\/et_pb_section][et_pb_section fb_built=&#8221;1&#8243; admin_label=&#8221;Footer&#8221; _builder_version=&#8221;4.16&#8243; background_enable_color=&#8221;off&#8221; custom_margin=&#8221;220px||26px||false|false&#8221; custom_margin_tablet=&#8221;120px||50px||false|false&#8221; custom_margin_phone=&#8221;80px||||false|false&#8221; custom_margin_last_edited=&#8221;on|phone&#8221; background_last_edited=&#8221;on|phone&#8221; saved_tabs=&#8221;all&#8221; locked=&#8221;off&#8221; global_colors_info=&#8221;{}&#8221;][et_pb_row custom_padding_last_edited=&#8221;on|phone&#8221; _builder_version=&#8221;4.16&#8243; custom_margin=&#8221;-145px|auto|0px|auto|false|false&#8221; custom_margin_tablet=&#8221;-100px||||false|false&#8221; custom_margin_last_edited=&#8221;off|desktop&#8221; custom_padding=&#8221;0px|60px|80px|60px|false|true&#8221; custom_padding_tablet=&#8221;|30px|30px|30px|false|true&#8221; custom_padding_phone=&#8221;82px|30px|30px|30px|false|true&#8221; border_width_all=&#8221;4px&#8221; border_color_all=&#8221;rgba(0,0,0,0.1)&#8221; border_style_all=&#8221;double&#8221; global_colors_info=&#8221;{}&#8221;][et_pb_column type=&#8221;4_4&#8243; _builder_version=&#8221;4.16&#8243; global_colors_info=&#8221;{}&#8221;][et_pb_image src=&#8221;https:\/\/boudoirduneprincesse.com\/wp-content\/uploads\/2021\/04\/wedding-photographer-icon-8-gold.png&#8221; title_text=&#8221;wedding-photographer-icon-8-gold&#8221; align=&#8221;center&#8221; src_tablet=&#8221;&#8221; src_phone=&#8221;&#8221; src_last_edited=&#8221;on|phone&#8221; _builder_version=&#8221;4.16&#8243; vertical_offset=&#8221;70px&#8221; z_index=&#8221;1&#8243; position_origin_a_tablet=&#8221;&#8221; position_origin_a_phone=&#8221;&#8221; position_origin_a_last_edited=&#8221;on|desktop&#8221; position_origin_f_tablet=&#8221;&#8221; position_origin_f_phone=&#8221;&#8221; position_origin_f_last_edited=&#8221;on|desktop&#8221; position_origin_r_tablet=&#8221;&#8221; position_origin_r_phone=&#8221;&#8221; position_origin_r_last_edited=&#8221;on|desktop&#8221; custom_margin=&#8221;-5%||||false|false&#8221; custom_margin_tablet=&#8221;&#8221; custom_margin_phone=&#8221;-48%||0px||false|false&#8221; custom_margin_last_edited=&#8221;on|phone&#8221; custom_padding=&#8221;0px||||false|false&#8221; custom_padding_tablet=&#8221;&#8221; custom_padding_phone=&#8221;0px||40%||false|false&#8221; custom_padding_last_edited=&#8221;on|phone&#8221; positioning_tablet=&#8221;none&#8221; positioning_phone=&#8221;&#8221; positioning_last_edited=&#8221;on|phone&#8221; locked=&#8221;off&#8221; global_colors_info=&#8221;{}&#8221;][\/et_pb_image][et_pb_text _builder_version=&#8221;4.16&#8243; text_font=&#8221;Petit Formal Script||||||||&#8221; text_text_color=&#8221;rgba(221,204,176,0.2)&#8221; text_font_size=&#8221;100px&#8221; text_line_height=&#8221;1em&#8221; text_orientation=&#8221;center&#8221; module_alignment=&#8221;center&#8221; custom_margin=&#8221;-0.8em||70px||false|false&#8221; custom_margin_tablet=&#8221;-1em||||false|false&#8221; custom_margin_phone=&#8221;-54%||||false|false&#8221; custom_margin_last_edited=&#8221;on|phone&#8221; custom_padding=&#8221;1px||||false|false&#8221; custom_padding_tablet=&#8221;&#8221; custom_padding_phone=&#8221;0px||||false|false&#8221; custom_padding_last_edited=&#8221;on|phone&#8221; text_font_size_tablet=&#8221;100px&#8221; text_font_size_phone=&#8221;49px&#8221; text_font_size_last_edited=&#8221;on|phone&#8221; locked=&#8221;off&#8221; global_colors_info=&#8221;{}&#8221;]<\/p>\n<p>Contact<\/p>\n<p>[\/et_pb_text][et_pb_contact_form email=&#8221;info@boudoirduneprincesse.com&#8221; title=&#8221;Get In Touch&#8221; custom_message=&#8221;Ol\u00e1, Paulo, ||et_pb_line_break_holder||Recebeu a seguinte informa\u00e7\u00e3o do formul\u00e1rio:||et_pb_line_break_holder||||et_pb_line_break_holder||Nome: %%Name%%||et_pb_line_break_holder||Email: %%Email%%||et_pb_line_break_holder||Mensagem: %%Message%%&#8221; use_redirect=&#8221;on&#8221; redirect_url=&#8221;https:\/\/boudoirduneprincesse.com\/thank-you\/&#8221; submit_button_text=&#8221;Submit&#8221; module_id=&#8221;et_pb_contact_form_0&#8243; _builder_version=&#8221;4.24.0&#8243; _unique_id=&#8221;ed26c96f-9d02-460d-9804-3baa847a82ab&#8221; form_field_text_color=&#8221;#000000&#8243; title_level=&#8221;h2&#8243; title_font=&#8221;Antic Didone||||||||&#8221; title_font_size=&#8221;60px&#8221; title_letter_spacing=&#8221;2px&#8221; title_line_height=&#8221;1.3em&#8221; form_field_font=&#8221;|600|||||||&#8221; custom_button=&#8221;on&#8221; button_text_size=&#8221;15px&#8221; button_text_color=&#8221;#ffffff&#8221; button_bg_color=&#8221;#f49d22&#8243; button_bg_use_color_gradient=&#8221;on&#8221; button_bg_color_gradient_type=&#8221;circular&#8221; button_bg_color_gradient_direction_radial=&#8221;top right&#8221; button_bg_color_gradient_stops=&#8221;#efa62f 86%|#ffffff 100%&#8221; button_bg_color_gradient_start=&#8221;#efa62f&#8221; button_bg_color_gradient_start_position=&#8221;86%&#8221; button_bg_color_gradient_end=&#8221;#ffffff&#8221; button_border_width=&#8221;0px&#8221; button_border_color=&#8221;#ED9B21&#8243; button_border_radius=&#8221;66px&#8221; button_letter_spacing=&#8221;5px&#8221; button_font=&#8221;Poppins|300||||on|||&#8221; button_icon=&#8221;&#x35;||divi||400&#8243; button_icon_color=&#8221;RGBA(0,0,0,0)&#8221; button_custom_margin=&#8221;12px|||0px|false|false&#8221; button_custom_padding=&#8221;8px|30px|8px|30px|true|true&#8221; width=&#8221;100%&#8221; max_width=&#8221;100%&#8221; custom_margin_tablet=&#8221;0px||||false|false&#8221; custom_margin_last_edited=&#8221;off|desktop&#8221; custom_padding=&#8221;0px|||0px|false|false&#8221; title_font_size_tablet=&#8221;40px&#8221; title_font_size_phone=&#8221;26px&#8221; title_font_size_last_edited=&#8221;on|phone&#8221; button_text_size_tablet=&#8221;&#8221; button_text_size_phone=&#8221;10px&#8221; button_text_size_last_edited=&#8221;on|phone&#8221; box_shadow_style_button=&#8221;preset4&#8243; box_shadow_horizontal_button=&#8221;0px&#8221; box_shadow_vertical_button=&#8221;0px&#8221; box_shadow_color_button=&#8221;#000000&#8243; locked=&#8221;off&#8221; global_colors_info=&#8221;{}&#8221; box_shadow_color_button__hover_enabled=&#8221;on|hover&#8221; box_shadow_color_button__hover=&#8221;rgba(0,0,0,0.6)&#8221; button_text_color__hover_enabled=&#8221;on|hover&#8221; button_text_color__hover=&#8221;rgba(0,0,0,0.6)&#8221;][et_pb_contact_field field_id=&#8221;Name&#8221; field_title=&#8221;Name&#8221; _builder_version=&#8221;4.16&#8243; global_colors_info=&#8221;{}&#8221; button_text_size__hover_enabled=&#8221;off&#8221; button_one_text_size__hover_enabled=&#8221;off&#8221; button_two_text_size__hover_enabled=&#8221;off&#8221; button_text_color__hover_enabled=&#8221;off&#8221; button_one_text_color__hover_enabled=&#8221;off&#8221; button_two_text_color__hover_enabled=&#8221;off&#8221; button_border_width__hover_enabled=&#8221;off&#8221; button_one_border_width__hover_enabled=&#8221;off&#8221; button_two_border_width__hover_enabled=&#8221;off&#8221; button_border_color__hover_enabled=&#8221;off&#8221; button_one_border_color__hover_enabled=&#8221;off&#8221; button_two_border_color__hover_enabled=&#8221;off&#8221; button_border_radius__hover_enabled=&#8221;off&#8221; button_one_border_radius__hover_enabled=&#8221;off&#8221; button_two_border_radius__hover_enabled=&#8221;off&#8221; button_letter_spacing__hover_enabled=&#8221;off&#8221; button_one_letter_spacing__hover_enabled=&#8221;off&#8221; button_two_letter_spacing__hover_enabled=&#8221;off&#8221; button_bg_color__hover_enabled=&#8221;off&#8221; button_one_bg_color__hover_enabled=&#8221;off&#8221; button_two_bg_color__hover_enabled=&#8221;off&#8221;][\/et_pb_contact_field][et_pb_contact_field field_id=&#8221;Email&#8221; field_title=&#8221;Email Address&#8221; field_type=&#8221;email&#8221; _builder_version=&#8221;4.16&#8243; global_colors_info=&#8221;{}&#8221; button_text_size__hover_enabled=&#8221;off&#8221; button_one_text_size__hover_enabled=&#8221;off&#8221; button_two_text_size__hover_enabled=&#8221;off&#8221; button_text_color__hover_enabled=&#8221;off&#8221; button_one_text_color__hover_enabled=&#8221;off&#8221; button_two_text_color__hover_enabled=&#8221;off&#8221; button_border_width__hover_enabled=&#8221;off&#8221; button_one_border_width__hover_enabled=&#8221;off&#8221; button_two_border_width__hover_enabled=&#8221;off&#8221; button_border_color__hover_enabled=&#8221;off&#8221; button_one_border_color__hover_enabled=&#8221;off&#8221; button_two_border_color__hover_enabled=&#8221;off&#8221; button_border_radius__hover_enabled=&#8221;off&#8221; button_one_border_radius__hover_enabled=&#8221;off&#8221; button_two_border_radius__hover_enabled=&#8221;off&#8221; button_letter_spacing__hover_enabled=&#8221;off&#8221; button_one_letter_spacing__hover_enabled=&#8221;off&#8221; button_two_letter_spacing__hover_enabled=&#8221;off&#8221; button_bg_color__hover_enabled=&#8221;off&#8221; button_one_bg_color__hover_enabled=&#8221;off&#8221; button_two_bg_color__hover_enabled=&#8221;off&#8221;][\/et_pb_contact_field][et_pb_contact_field field_id=&#8221;Message&#8221; field_title=&#8221;Message&#8221; field_type=&#8221;text&#8221; fullwidth_field=&#8221;on&#8221; _builder_version=&#8221;4.16&#8243; global_colors_info=&#8221;{}&#8221; button_text_size__hover_enabled=&#8221;off&#8221; button_one_text_size__hover_enabled=&#8221;off&#8221; button_two_text_size__hover_enabled=&#8221;off&#8221; button_text_color__hover_enabled=&#8221;off&#8221; button_one_text_color__hover_enabled=&#8221;off&#8221; button_two_text_color__hover_enabled=&#8221;off&#8221; button_border_width__hover_enabled=&#8221;off&#8221; button_one_border_width__hover_enabled=&#8221;off&#8221; button_two_border_width__hover_enabled=&#8221;off&#8221; button_border_color__hover_enabled=&#8221;off&#8221; button_one_border_color__hover_enabled=&#8221;off&#8221; button_two_border_color__hover_enabled=&#8221;off&#8221; button_border_radius__hover_enabled=&#8221;off&#8221; button_one_border_radius__hover_enabled=&#8221;off&#8221; button_two_border_radius__hover_enabled=&#8221;off&#8221; button_letter_spacing__hover_enabled=&#8221;off&#8221; button_one_letter_spacing__hover_enabled=&#8221;off&#8221; button_two_letter_spacing__hover_enabled=&#8221;off&#8221; button_bg_color__hover_enabled=&#8221;off&#8221; button_one_bg_color__hover_enabled=&#8221;off&#8221; button_two_bg_color__hover_enabled=&#8221;off&#8221;][\/et_pb_contact_field][\/et_pb_contact_form][\/et_pb_column][\/et_pb_row][\/et_pb_section]<\/p>\n","protected":false},"excerpt":{"rendered":"<p>Hi, I&#8217;m PauloA Photographer in Oporto and BragaThanks you for taking the time to look at my page. My name is Paulo Carvalho. I\u2019m 43 years old, married and the father of two beautiful children. My life as an artist began during Secondary School when I completed some Aptitude Tests and was advised to follow [&hellip;]<\/p>\n","protected":false},"author":1,"featured_media":0,"parent":0,"menu_order":0,"comment_status":"closed","ping_status":"closed","template":"","meta":{"_et_pb_use_builder":"on","_et_pb_old_content":"","_et_gb_content_width":"","footnotes":""},"class_list":["post-129","page","type-page","status-publish","hentry"],"yoast_head":"<!-- This site is optimized with the Yoast SEO plugin v27.4 - https:\/\/yoast.com\/product\/yoast-seo-wordpress\/ -->\n<title>About me - Paulo Carvalho in Porto and Braga, Portugal<\/title>\n<meta name=\"description\" content=\"Meet Paulo Carvalho, a dedicated boudoir photographer, passionate about capturing the elegance and empowerment of every woman.\" \/>\n<meta name=\"robots\" content=\"index, follow, max-snippet:-1, max-image-preview:large, max-video-preview:-1\" \/>\n<link rel=\"canonical\" href=\"https:\/\/boudoirduneprincesse.com\/pt\/about-me\/\" \/>\n<meta property=\"og:locale\" content=\"pt_PT\" \/>\n<meta property=\"og:type\" content=\"article\" \/>\n<meta property=\"og:title\" content=\"About me - Paulo Carvalho in Porto and Braga, Portugal\" \/>\n<meta property=\"og:description\" content=\"Meet Paulo Carvalho, a dedicated boudoir photographer, passionate about capturing the elegance and empowerment of every woman.\" \/>\n<meta property=\"og:url\" content=\"https:\/\/boudoirduneprincesse.com\/pt\/about-me\/\" \/>\n<meta property=\"og:site_name\" content=\"Boudoir Photography\" \/>\n<meta property=\"article:modified_time\" content=\"2025-04-15T00:11:39+00:00\" \/>\n<meta name=\"twitter:card\" content=\"summary_large_image\" \/>\n<meta name=\"twitter:label1\" content=\"Tempo estimado de leitura\" \/>\n\t<meta name=\"twitter:data1\" content=\"3 minutos\" \/>\n<script type=\"application\/ld+json\" class=\"yoast-schema-graph\">{\"@context\":\"https:\\\/\\\/schema.org\",\"@graph\":[{\"@type\":\"WebPage\",\"@id\":\"https:\\\/\\\/boudoirduneprincesse.com\\\/about-me\\\/\",\"url\":\"https:\\\/\\\/boudoirduneprincesse.com\\\/about-me\\\/\",\"name\":\"About me - Paulo Carvalho in Porto and Braga, Portugal\",\"isPartOf\":{\"@id\":\"https:\\\/\\\/boudoirduneprincesse.com\\\/#website\"},\"datePublished\":\"2021-05-25T16:23:25+00:00\",\"dateModified\":\"2025-04-15T00:11:39+00:00\",\"description\":\"Meet Paulo Carvalho, a dedicated boudoir photographer, passionate about capturing the elegance and empowerment of every woman.\",\"breadcrumb\":{\"@id\":\"https:\\\/\\\/boudoirduneprincesse.com\\\/about-me\\\/#breadcrumb\"},\"inLanguage\":\"pt-PT\",\"potentialAction\":[{\"@type\":\"ReadAction\",\"target\":[\"https:\\\/\\\/boudoirduneprincesse.com\\\/about-me\\\/\"]}]},{\"@type\":\"BreadcrumbList\",\"@id\":\"https:\\\/\\\/boudoirduneprincesse.com\\\/about-me\\\/#breadcrumb\",\"itemListElement\":[{\"@type\":\"ListItem\",\"position\":1,\"name\":\"In\u00edcio\",\"item\":\"https:\\\/\\\/boudoirduneprincesse.com\\\/\"},{\"@type\":\"ListItem\",\"position\":2,\"name\":\"About me\"}]},{\"@type\":\"WebSite\",\"@id\":\"https:\\\/\\\/boudoirduneprincesse.com\\\/#website\",\"url\":\"https:\\\/\\\/boudoirduneprincesse.com\\\/\",\"name\":\"Boudoir Photography\",\"description\":\"Boudoir Photography - in Porto and Braga - Portugal\",\"potentialAction\":[{\"@type\":\"SearchAction\",\"target\":{\"@type\":\"EntryPoint\",\"urlTemplate\":\"https:\\\/\\\/boudoirduneprincesse.com\\\/?s={search_term_string}\"},\"query-input\":{\"@type\":\"PropertyValueSpecification\",\"valueRequired\":true,\"valueName\":\"search_term_string\"}}],\"inLanguage\":\"pt-PT\"}]}<\/script>\n<!-- \/ Yoast SEO plugin. -->","yoast_head_json":{"title":"About me - Paulo Carvalho in Porto and Braga, Portugal","description":"Meet Paulo Carvalho, a dedicated boudoir photographer, passionate about capturing the elegance and empowerment of every woman.","robots":{"index":"index","follow":"follow","max-snippet":"max-snippet:-1","max-image-preview":"max-image-preview:large","max-video-preview":"max-video-preview:-1"},"canonical":"https:\/\/boudoirduneprincesse.com\/pt\/about-me\/","og_locale":"pt_PT","og_type":"article","og_title":"About me - Paulo Carvalho in Porto and Braga, Portugal","og_description":"Meet Paulo Carvalho, a dedicated boudoir photographer, passionate about capturing the elegance and empowerment of every woman.","og_url":"https:\/\/boudoirduneprincesse.com\/pt\/about-me\/","og_site_name":"Boudoir Photography","article_modified_time":"2025-04-15T00:11:39+00:00","twitter_card":"summary_large_image","twitter_misc":{"Tempo estimado de leitura":"3 minutos"},"schema":{"@context":"https:\/\/schema.org","@graph":[{"@type":"WebPage","@id":"https:\/\/boudoirduneprincesse.com\/about-me\/","url":"https:\/\/boudoirduneprincesse.com\/about-me\/","name":"About me - Paulo Carvalho in Porto and Braga, Portugal","isPartOf":{"@id":"https:\/\/boudoirduneprincesse.com\/#website"},"datePublished":"2021-05-25T16:23:25+00:00","dateModified":"2025-04-15T00:11:39+00:00","description":"Meet Paulo Carvalho, a dedicated boudoir photographer, passionate about capturing the elegance and empowerment of every woman.","breadcrumb":{"@id":"https:\/\/boudoirduneprincesse.com\/about-me\/#breadcrumb"},"inLanguage":"pt-PT","potentialAction":[{"@type":"ReadAction","target":["https:\/\/boudoirduneprincesse.com\/about-me\/"]}]},{"@type":"BreadcrumbList","@id":"https:\/\/boudoirduneprincesse.com\/about-me\/#breadcrumb","itemListElement":[{"@type":"ListItem","position":1,"name":"In\u00edcio","item":"https:\/\/boudoirduneprincesse.com\/"},{"@type":"ListItem","position":2,"name":"About me"}]},{"@type":"WebSite","@id":"https:\/\/boudoirduneprincesse.com\/#website","url":"https:\/\/boudoirduneprincesse.com\/","name":"Boudoir Photography","description":"Boudoir Photography - in Porto and Braga - Portugal","potentialAction":[{"@type":"SearchAction","target":{"@type":"EntryPoint","urlTemplate":"https:\/\/boudoirduneprincesse.com\/?s={search_term_string}"},"query-input":{"@type":"PropertyValueSpecification","valueRequired":true,"valueName":"search_term_string"}}],"inLanguage":"pt-PT"}]}},"_links":{"self":[{"href":"https:\/\/boudoirduneprincesse.com\/pt\/wp-json\/wp\/v2\/pages\/129","targetHints":{"allow":["GET"]}}],"collection":[{"href":"https:\/\/boudoirduneprincesse.com\/pt\/wp-json\/wp\/v2\/pages"}],"about":[{"href":"https:\/\/boudoirduneprincesse.com\/pt\/wp-json\/wp\/v2\/types\/page"}],"author":[{"embeddable":true,"href":"https:\/\/boudoirduneprincesse.com\/pt\/wp-json\/wp\/v2\/users\/1"}],"replies":[{"embeddable":true,"href":"https:\/\/boudoirduneprincesse.com\/pt\/wp-json\/wp\/v2\/comments?post=129"}],"version-history":[{"count":29,"href":"https:\/\/boudoirduneprincesse.com\/pt\/wp-json\/wp\/v2\/pages\/129\/revisions"}],"predecessor-version":[{"id":684,"href":"https:\/\/boudoirduneprincesse.com\/pt\/wp-json\/wp\/v2\/pages\/129\/revisions\/684"}],"wp:attachment":[{"href":"https:\/\/boudoirduneprincesse.com\/pt\/wp-json\/wp\/v2\/media?parent=129"}],"curies":[{"name":"wp","href":"https:\/\/api.w.org\/{rel}","templated":true}]}}